{"id":3244,"date":"2015-06-12T10:47:41","date_gmt":"2015-06-12T10:47:41","guid":{"rendered":"http:\/\/emmabajafrench.com\/es\/?page_id=2"},"modified":"2022-04-06T20:56:49","modified_gmt":"2022-04-06T20:56:49","slug":"home","status":"publish","type":"page","link":"https:\/\/emmabajafrench.com\/es\/","title":{"rendered":"Home"},"content":{"rendered":"<div  class=\"one ppb_card_two_cols_with_image\" style=\"position:relative;padding:0px 0 0px 0;\" >\n<div class=\"standard_wrapper\">\n<div class=\"page_content_wrapper\">\n<div class=\"inner\">\n<div class=\"one_half parallax_scroll\" style=\"width:50%;position:absolute;left:90px;padding:0px;z-index:2;block !important;background:#fff;\" data-stellar-ratio=\"1.3\">\n<h2 class=\"ppb_title\" ><span class=\"ppb_title_first\" >Descubre<\/span>NUESTRA HISTORIA<\/h2>\n<div class=\"page_header_sep left\" ><\/div>\n<p>Emma Baja French es una fusi\u00f3n contempor\u00e1nea de cocina francesa y de la Baja. Nuestro restaurante se basa en las tradiciones de la reconocida familia Bustamante.<\/p>\n<p>Servimos un men\u00fa degustaci\u00f3n de temporada que se inspira en la cultura, historia e ingredientes locales. Una comida con nosotros consta de 3-5 tiempos y presenta elementos locales para mejorar la experiencia de nuestra regi\u00f3n \u00fanica.<\/p><\/div>\n<div class=\"one_half parallax_scroll_image last\" style=\"width:50%;\"><\/div>\n<p><br class=\"clear\"\/><\/div>\n<\/div>\n<\/div>\n<\/div>\n<div  class=\"one ppb_card_two_cols_with_image\" style=\"position:relative;padding:0px 0 0px 0;\" >\n<div class=\"standard_wrapper\">\n<div class=\"page_content_wrapper\">\n<div class=\"inner\">\n<div class=\"one_half parallax_scroll\" style=\"width:50%;position:absolute;left:90px;padding:0px;z-index:2;block !important;background:#fff;\" data-stellar-ratio=\"1.3\">\n<h2 class=\"ppb_title\" ><span class=\"ppb_title_first\" >Descubre<\/span>NUESTRA HISTORIA<\/h2>\n<div class=\"page_header_sep left\" ><\/div>\n<p>Emma Baja French es una fusi\u00f3n contempor\u00e1nea de cocina francesa y de la Baja. Nuestro restaurante se basa en las tradiciones de la reconocida familia Bustamante.<\/p>\n<p>Servimos un men\u00fa degustaci\u00f3n de temporada que se inspira en la cultura, historia e ingredientes locales. Una comida con nosotros consta de 3-5 tiempos y presenta elementos locales para mejorar la experiencia de nuestra regi\u00f3n \u00fanica.<\/p><\/div>\n<div class=\"one_half parallax_scroll_image last\" style=\"width:50%;\"><\/div>\n<p><br class=\"clear\"\/><\/div>\n<\/div>\n<\/div>\n<\/div>\n<div  class=\"one ppb_card_two_cols_with_image\" style=\"position:relative;padding:0px 0 0px 0;\" >\n<div class=\"standard_wrapper\">\n<div class=\"page_content_wrapper\">\n<div class=\"inner\">\n<div class=\"one_half parallax_scroll\" style=\"width:50%;position:absolute;left:90px;padding:0px;z-index:2;block !important;background:#fff;\" data-stellar-ratio=\"1.3\">\n<h2 class=\"ppb_title\" ><span class=\"ppb_title_first\" >Descubre<\/span>NUESTRA HISTORIA<\/h2>\n<div class=\"page_header_sep left\" ><\/div>\n<p>Emma Baja French es una fusi\u00f3n contempor\u00e1nea de cocina francesa y de la Baja. Nuestro restaurante se basa en las tradiciones de la reconocida familia Bustamante.<\/p>\n<p>Servimos un men\u00fa degustaci\u00f3n de temporada que se inspira en la cultura, historia e ingredientes locales. Una comida con nosotros consta de 3-5 tiempos y presenta elementos locales para mejorar la experiencia de nuestra regi\u00f3n \u00fanica.<\/p><\/div>\n<div class=\"one_half parallax_scroll_image last\" style=\"width:50%;\"><\/div>\n<p><br class=\"clear\"\/><\/div>\n<\/div>\n<\/div>\n<\/div>\n<div  class=\"one ppb_card_two_cols_with_image\" style=\"position:relative;padding:0px 0 0px 0;\" >\n<div class=\"standard_wrapper\">\n<div class=\"page_content_wrapper\">\n<div class=\"inner\">\n<div class=\"one_half parallax_scroll\" style=\"width:50%;position:absolute;left:90px;padding:0px;z-index:2;block !important;background:#fff;\" data-stellar-ratio=\"1.3\">\n<h2 class=\"ppb_title\" ><span class=\"ppb_title_first\" >Descubre<\/span>NUESTRA HISTORIA<\/h2>\n<div class=\"page_header_sep left\" ><\/div>\n<p>Emma Baja French es una fusi\u00f3n contempor\u00e1nea de cocina francesa y de la Baja. Nuestro restaurante se basa en las tradiciones de la reconocida familia Bustamante.<\/p>\n<p>Servimos un men\u00fa degustaci\u00f3n de temporada que se inspira en la cultura, historia e ingredientes locales. Una comida con nosotros consta de 3-5 tiempos y presenta elementos locales para mejorar la experiencia de nuestra regi\u00f3n \u00fanica.<\/p><\/div>\n<div class=\"one_half parallax_scroll_image last\" style=\"width:50%;\"><\/div>\n<p><br class=\"clear\"\/><\/div>\n<\/div>\n<\/div>\n<\/div>\n<div  class=\"one ppb_card_two_cols_with_image\" style=\"position:relative;padding:0px 0 0px 0;\" >\n<div class=\"standard_wrapper\">\n<div class=\"page_content_wrapper\">\n<div class=\"inner\">\n<div class=\"one_half parallax_scroll\" style=\"width:50%;position:absolute;left:90px;padding:0px;z-index:2;block !important;background:#fff;\" data-stellar-ratio=\"1.3\">\n<h2 class=\"ppb_title\" ><span class=\"ppb_title_first\" >Descubre<\/span>NUESTRA HISTORIA<\/h2>\n<div class=\"page_header_sep left\" ><\/div>\n<p>Emma Baja French es una fusi\u00f3n contempor\u00e1nea de cocina francesa y de la Baja. Nuestro restaurante se basa en las tradiciones de la reconocida familia Bustamante.<\/p>\n<p>Servimos un men\u00fa degustaci\u00f3n de temporada que se inspira en la cultura, historia e ingredientes locales. Una comida con nosotros consta de 3-5 tiempos y presenta elementos locales para mejorar la experiencia de nuestra regi\u00f3n \u00fanica.<\/p><\/div>\n<div class=\"one_half parallax_scroll_image last\" style=\"width:50%;\"><\/div>\n<p><br class=\"clear\"\/><\/div>\n<\/div>\n<\/div>\n<\/div>\n<div  class=\"one ppb_card_two_cols_with_image\" style=\"position:relative;padding:0px 0 0px 0;\" >\n<div class=\"standard_wrapper\">\n<div class=\"page_content_wrapper\">\n<div class=\"inner\">\n<div class=\"one_half parallax_scroll\" style=\"width:50%;position:absolute;left:90px;padding:0px;z-index:2;block !important;background:#fff;\" data-stellar-ratio=\"1.3\">\n<h2 class=\"ppb_title\" ><span class=\"ppb_title_first\" >Descubre<\/span>NUESTRA HISTORIA<\/h2>\n<div class=\"page_header_sep left\" ><\/div>\n<p>Emma Baja French es una fusi\u00f3n contempor\u00e1nea de cocina francesa y de la Baja. Nuestro restaurante se basa en las tradiciones de la reconocida familia Bustamante.<\/p>\n<p>Servimos un men\u00fa degustaci\u00f3n de temporada que se inspira en la cultura, historia e ingredientes locales. Una comida con nosotros consta de 3-5 tiempos y presenta elementos locales para mejorar la experiencia de nuestra regi\u00f3n \u00fanica.<\/p><\/div>\n<div class=\"one_half parallax_scroll_image last\" style=\"width:50%;\"><\/div>\n<p><br class=\"clear\"\/><\/div>\n<\/div>\n<\/div>\n<\/div>\n<div  class=\"one ppb_card_two_cols_with_image\" style=\"position:relative;padding:0px 0 0px 0;\" >\n<div class=\"standard_wrapper\">\n<div class=\"page_content_wrapper\">\n<div class=\"inner\">\n<div class=\"one_half parallax_scroll\" style=\"width:50%;position:absolute;left:90px;padding:0px;z-index:2;block !important;background:#fff;\" data-stellar-ratio=\"1.3\">\n<h2 class=\"ppb_title\" ><span class=\"ppb_title_first\" >Descubre<\/span>NUESTRA HISTORIA<\/h2>\n<div class=\"page_header_sep left\" ><\/div>\n<p>Emma Baja French es una fusi\u00f3n contempor\u00e1nea de cocina francesa y de la Baja. Nuestro restaurante se basa en las tradiciones de la reconocida familia Bustamante.<\/p>\n<p>Servimos un men\u00fa degustaci\u00f3n de temporada que se inspira en la cultura, historia e ingredientes locales. Una comida con nosotros consta de 3-5 tiempos y presenta elementos locales para mejorar la experiencia de nuestra regi\u00f3n \u00fanica.<\/p><\/div>\n<div class=\"one_half parallax_scroll_image last\" style=\"width:50%;\"><\/div>\n<p><br class=\"clear\"\/><\/div>\n<\/div>\n<\/div>\n<\/div>\n<div  class=\"one ppb_card_two_cols_with_image\" style=\"position:relative;padding:0px 0 0px 0;\" >\n<div class=\"standard_wrapper\">\n<div class=\"page_content_wrapper\">\n<div class=\"inner\">\n<div class=\"one_half parallax_scroll\" style=\"width:50%;position:absolute;left:90px;padding:0px;z-index:2;block !important;background:#fff;\" data-stellar-ratio=\"1.3\">\n<h2 class=\"ppb_title\" >Emma<\/h2>\n<div class=\"page_header_sep left\" ><\/div>\n<p>Un concepto moderno ejecutado con un enfoque impecable en Emma Baja French, seguramente deleitar\u00e1 todos tus sentidos.<br \/>\nRodeado de una decoraci\u00f3n exquisita, disfrutar\u00e1 de una experiencia \u00fanica al leer un men\u00fa lleno de sabores creativos y exclusivos. Elija entre pulpo a la parrilla, ostras, sopa de cebolla, ensaladas, junto con las carnes m\u00e1s frescas, mariscos y platos dise\u00f1ados para compartir.<br \/>\nEsta nueva versi\u00f3n de la cena social se combina con un sofisticado programa de mixolog\u00eda que lleva a los amantes de los c\u00f3cteles a un territorio inexplorado y delicioso.<\/div>\n<div class=\"one_half parallax_scroll_image last\" style=\"width:50%;\"><\/div>\n<p><br class=\"clear\"\/><\/div>\n<\/div>\n<\/div>\n<\/div>\n<div  class=\"one ppb_card_two_cols_with_image\" style=\"position:relative;padding:0px 0 0px 0;\" >\n<div class=\"standard_wrapper\">\n<div class=\"page_content_wrapper\">\n<div class=\"inner\">\n<div class=\"one_half parallax_scroll\" style=\"width:50%;position:absolute;left:90px;padding:0px;z-index:2;block !important;background:#fff;\" data-stellar-ratio=\"1.3\">\n<h2 class=\"ppb_title\" >Emma<\/h2>\n<div class=\"page_header_sep left\" ><\/div>\n<p>Un concepto moderno ejecutado con un enfoque impecable en Emma Baja French, seguramente deleitar\u00e1 todos tus sentidos.<br \/>\nRodeado de una decoraci\u00f3n exquisita, disfrutar\u00e1 de una experiencia \u00fanica al leer un men\u00fa lleno de sabores creativos y exclusivos. Elija entre pulpo a la parrilla, ostras, sopa de cebolla, ensaladas, junto con las carnes m\u00e1s frescas, mariscos y platos dise\u00f1ados para compartir.<br \/>\nEsta nueva versi\u00f3n de la cena social se combina con un sofisticado programa de mixolog\u00eda que lleva a los amantes de los c\u00f3cteles a un territorio inexplorado y delicioso.<\/div>\n<div class=\"one_half parallax_scroll_image last\" style=\"width:50%;\"><\/div>\n<p><br class=\"clear\"\/><\/div>\n<\/div>\n<\/div>\n<\/div>\n","protected":false},"excerpt":{"rendered":"<p>DescubreNUESTRA HISTORIA Emma Baja French es una fusi\u00f3n contempor\u00e1nea de cocina francesa y de la Baja. Nuestro restaurante se basa en las tradiciones de la reconocida familia Bustamante. Servimos un men\u00fa degustaci\u00f3n de temporada que se inspira en la cultura, [&hellip;]<\/p>\n","protected":false},"author":1,"featured_media":0,"parent":0,"menu_order":0,"comment_status":"open","ping_status":"open","template":"","meta":{"footnotes":""},"_links":{"self":[{"href":"https:\/\/emmabajafrench.com\/es\/wp-json\/wp\/v2\/pages\/3244"}],"collection":[{"href":"https:\/\/emmabajafrench.com\/es\/wp-json\/wp\/v2\/pages"}],"about":[{"href":"https:\/\/emmabajafrench.com\/es\/wp-json\/wp\/v2\/types\/page"}],"author":[{"embeddable":true,"href":"https:\/\/emmabajafrench.com\/es\/wp-json\/wp\/v2\/users\/1"}],"replies":[{"embeddable":true,"href":"https:\/\/emmabajafrench.com\/es\/wp-json\/wp\/v2\/comments?post=3244"}],"version-history":[{"count":92,"href":"https:\/\/emmabajafrench.com\/es\/wp-json\/wp\/v2\/pages\/3244\/revisions"}],"predecessor-version":[{"id":4743,"href":"https:\/\/emmabajafrench.com\/es\/wp-json\/wp\/v2\/pages\/3244\/revisions\/4743"}],"wp:attachment":[{"href":"https:\/\/emmabajafrench.com\/es\/wp-json\/wp\/v2\/media?parent=3244"}],"curies":[{"name":"wp","href":"https:\/\/api.w.org\/{rel}","templated":true}]}}