{"id":3249,"date":"2015-06-12T12:30:17","date_gmt":"2015-06-12T12:30:17","guid":{"rendered":"http:\/\/emmabajafrench.com\/es\/?page_id=3246"},"modified":"2022-06-16T21:19:17","modified_gmt":"2022-06-16T21:19:17","slug":"mas-acerca-de-nosotros","status":"publish","type":"page","link":"https:\/\/emmabajafrench.com\/es\/mas-acerca-de-nosotros\/","title":{"rendered":"M\u00e1s acerca de nosotros"},"content":{"rendered":"<div  class=\"one ppb_card_two_cols_with_image\" style=\"position:relative;padding:50px 0 50px 0;\" >\n<div class=\"standard_wrapper\">\n<div class=\"page_content_wrapper\">\n<div class=\"inner\">\n<div class=\"one_half parallax_scroll\" style=\"width:40%;position:absolute;left:90px;padding:50px;z-index:2;block !important;background:#ffffff;\" data-stellar-ratio=\"1.3\">\n<h2 class=\"ppb_title\" ><span class=\"ppb_title_first\" >Nuestra<\/span>filosof\u00eda<\/h2>\n<div class=\"page_header_sep left\" ><\/div>\n<p>Abrace la cultura y la sensaci\u00f3n de comer en un ambiente moderno y cl\u00e1sico con el enfoque y el detalle de una cocina moderna.<br \/>\nNos esforzamos por brindarle la mejor experiencia gastron\u00f3mica utilizando solo los productos de origen local m\u00e1s frescos, asegurando que experimentar\u00e1 el entusiasmo y los sabores de la mejor cocina de fusi\u00f3n. Nuestros c\u00f3cteles \u00fanicos se derivan de recetas cl\u00e1sicas e incorporan los esp\u00edritus franceses ecl\u00e9cticos. Tambi\u00e9n ofrecemos una variedad de vinos nuevos y del viejo mundo, con una selecci\u00f3n de vinos que muestra las regiones de Baja California y de todo el mundo.<br \/>\nYa sea para la comida o la cena, Emma transmite el ambiente perfecto, con su combinaci\u00f3n de poca iluminaci\u00f3n y sombras dram\u00e1ticas, preparando el escenario para experiencias fascinantes y misteriosas que no olvidar\u00e1.<\/div>\n<div class=\"one_half parallax_scroll_image last\" style=\"width:65%;\">\n<div class=\"image_classic_frame expand\">\n<div class=\"image_wrapper\"><a href=\"https:\/\/emmabajafrench.com\/es\/wp-content\/uploads\/2018\/09\/1DSC_8198.jpg\" class=\"img_frame\"><img decoding=\"async\" src=\"https:\/\/emmabajafrench.com\/es\/wp-content\/uploads\/2018\/09\/1DSC_8198.jpg\" class=\"portfolio_img\" alt=\"\"\/><\/a><\/div>\n<\/div>\n<\/div>\n<p><br class=\"clear\"\/><\/div>\n<\/div>\n<\/div>\n<\/div>\n<div  class=\"one ppb_card_two_cols_with_image\" style=\"position:relative;padding:50px 0 50px 0;\" >\n<div class=\"standard_wrapper\">\n<div class=\"page_content_wrapper\">\n<div class=\"inner\">\n<div class=\"one_half parallax_scroll_image\" style=\"width:65%;\">\n<div class=\"image_classic_frame expand\">\n<div class=\"image_wrapper\"><a href=\"https:\/\/emmabajafrench.com\/es\/wp-content\/uploads\/2018\/09\/DSC_8166.jpg\" class=\"img_frame\"><img decoding=\"async\" src=\"https:\/\/emmabajafrench.com\/es\/wp-content\/uploads\/2018\/09\/DSC_8166.jpg\" class=\"portfolio_img\" alt=\"\"\/><\/a><\/div>\n<\/div>\n<\/div>\n<div class=\"one_half last parallax_scroll\" style=\"width:40%;position:absolute;right:90px;padding:50px;background:#ffffff;\" data-stellar-ratio=\"1.3\">\n<h2 class=\"ppb_title\" ><span class=\"ppb_title_first\" >Experiencia<\/span>gastron\u00f3mica<\/h2>\n<div class=\"ppb_subtitle\" >LA \u00daLTIMA EXPERIENCIA EN COMIDA DE FUSI\u00d3N<\/div>\n<div class=\"page_header_sep left\" ><\/div>\n<p>Restaurante de alta cocina en el coraz\u00f3n de Tijuana. EMMA Baja French es parte de la experiencia culinaria dentro de uno de los hoteles m\u00e1s renombrados de la ciudad, el Grand Hotel Tijuana y se encuentra en la base de un espacio hist\u00f3rico con decoraci\u00f3n de arquitectura contempor\u00e1nea y un ambiente que definitivamente capturar\u00e1n una experiencia gastron\u00f3mica completa. El espacio, existente desde 1998, recientemente fue sometido a una renovaci\u00f3n y redise\u00f1o a gran escala durante la cual naci\u00f3 Emma Baja French.<\/p><\/div>\n<p><br class=\"clear\"\/><\/div>\n<\/div>\n<\/div>\n<\/div>\n<div class=\"divider one\">&nbsp;<\/div>\n<div  class=\"parallax \" data-image=\"https:\/\/emmabajafrench.com\/es\/wp-content\/uploads\/2018\/09\/DSC_8359.jpg\" data-width=\"2048\" data-height=\"1365\" data-content-height=\"60\" ><\/div>\n<div  class=\"one withsmallpadding ppb_header \" style=\"padding-bottom: 0 !important;text-align:center;padding:30px 0 30px 0;\" >\n<div class=\"standard_wrapper\">\n<div class=\"page_content_wrapper\">\n<div class=\"inner\">\n<div style=\"margin:auto;width:50%;\">\n<h2 class=\"ppb_title\" style=\"\">Horario<\/h2>\n<div class=\"page_header_sep center\"><\/div>\n<\/div>\n<\/div>\n<\/div>\n<\/div>\n<div  class=\"one withsmallpadding ppb_text\" style=\"padding:30px 0 30px 0;\" >\n<div class=\"standard_wrapper\">\n<div class=\"page_content_wrapper\">\n<div class=\"inner\">\n<div style=\"margin:auto;width:100%\">\n<p style=\"text-align: center;\"><strong>Emma Baja French<\/strong><br \/>\nBlvd. Agua Caliente #4558, Col. Aviaci\u00f3n<br \/>\nTijuana, Baja California<br \/>\n+52 664 104 7014<br \/>\nABIERTO<br \/>\nLunes a S\u00e1bado<br \/>\n1 PM &#8211; 11 PM<br \/>\nDomingo cerrado<\/p>\n<\/div>\n<\/div>\n<\/div>\n<\/div>\n<\/div>\n<div  class=\"parallax title\" data-image=\"https:\/\/emmabajafrench.com\/es\/wp-content\/uploads\/2018\/09\/EMMA-3.jpg\" data-width=\"2048\" data-height=\"1365\" data-content-height=\"60\" >\n<div class=\"parallax_title\">\n<h2 class=\"ppb_title\"><span class=\"ppb_title_first\" >Hacer<\/span>Reservaci\u00f3n<\/h2>\n<\/div>\n<\/div>\n<div  class=\"one withsmallpadding ppb_text\" style=\"padding-top: 30px !important;padding:50px 0 50px 0;\" >\n<div class=\"standard_wrapper\">\n<div class=\"page_content_wrapper\">\n<div class=\"inner\">\n<div style=\"margin:auto;width:100%;text-align:center;\">\n<p>Formulario de Reservaci\u00f3n <br \/>+52 664 104 7014 \u2013 emma@grandhoteltj.com<\/p>\n<p><form name=\"open_table_form\" id=\"open_table_form\" target=\"_blank\" method=\"POST\" action=\"https:\/\/secure.opentable.com\/ism\/interim.aspx\"><input type=\"hidden\" name=\"RestaurantID\" value=\"100342\"><br \/>\n\t<input type=\"hidden\" name=\"txtDateFormat\" value=\"MM\/dd\/yyyy\"><\/p>\n<div class=\"open_table_field\"><label for=\"startDate\" class=\"hidden\"><i class=\"fa fa-calendar\"><\/i><\/label><input type=\"text\" class=\"pp_date required_field\" id=\"startDate\" name=\"startDate\" value=\"06\/16\/2022\"\/><\/div>\n<div class=\"open_table_field\"><label for=\"ResTime\" class=\"hidden\"><i class=\"fa fa-clock-o\"><\/i><\/label><input type=\"text\" class=\"pp_time required_field\" id=\"ResTime\" name=\"ResTime\" value=\"06:00 PM\"\/><\/div>\n<div class=\"open_table_field\"><label for=\"PartySize\" class=\"hidden\"><i class=\"fa fa-user\"><\/i><\/label><select id=\"PartySize\" name=\"PartySize\" class=\"required_field\"><option value=\"1\">1 person<\/option><option value=\"2\">2 people<\/option><option value=\"3\">3 people<\/option><option value=\"4\">4 people<\/option><option value=\"5\">5 people<\/option><option value=\"6\">6 people<\/option><option value=\"7\">7 people<\/option><option value=\"8\">8 people<\/option><option value=\"9\">9 people<\/option><option value=\"10\">10 people<\/option><option value=\"11\">11 people<\/option><option value=\"12\">12 people<\/option><option value=\"13\">13 people<\/option><option value=\"14\">14 people<\/option><option value=\"15\">15 people<\/option><option value=\"16\">16 people<\/option><option value=\"17\">17 people<\/option><option value=\"18\">18 people<\/option><option value=\"19\">19 people<\/option><option value=\"20\">20+ people<\/option><\/select><\/div>\n<p><br class=\"clear\"\/><input id=\"open_table_submit\" type=\"submit\" class=\"\" value=\"Find a table\"\/><\/form>\n<\/div>\n<\/div>\n<\/div>\n<\/div>\n<\/div>\n","protected":false},"excerpt":{"rendered":"<p>Nuestrafilosof\u00eda Abrace la cultura y la sensaci\u00f3n de comer en un ambiente moderno y cl\u00e1sico con el enfoque y el detalle de una cocina moderna. Nos esforzamos por brindarle la mejor experiencia gastron\u00f3mica utilizando solo los productos de origen local [&hellip;]<\/p>\n","protected":false},"author":1,"featured_media":3428,"parent":0,"menu_order":0,"comment_status":"open","ping_status":"open","template":"","meta":{"footnotes":""},"_links":{"self":[{"href":"https:\/\/emmabajafrench.com\/es\/wp-json\/wp\/v2\/pages\/3249"}],"collection":[{"href":"https:\/\/emmabajafrench.com\/es\/wp-json\/wp\/v2\/pages"}],"about":[{"href":"https:\/\/emmabajafrench.com\/es\/wp-json\/wp\/v2\/types\/page"}],"author":[{"embeddable":true,"href":"https:\/\/emmabajafrench.com\/es\/wp-json\/wp\/v2\/users\/1"}],"replies":[{"embeddable":true,"href":"https:\/\/emmabajafrench.com\/es\/wp-json\/wp\/v2\/comments?post=3249"}],"version-history":[{"count":45,"href":"https:\/\/emmabajafrench.com\/es\/wp-json\/wp\/v2\/pages\/3249\/revisions"}],"predecessor-version":[{"id":4755,"href":"https:\/\/emmabajafrench.com\/es\/wp-json\/wp\/v2\/pages\/3249\/revisions\/4755"}],"wp:featuredmedia":[{"embeddable":true,"href":"https:\/\/emmabajafrench.com\/es\/wp-json\/wp\/v2\/media\/3428"}],"wp:attachment":[{"href":"https:\/\/emmabajafrench.com\/es\/wp-json\/wp\/v2\/media?parent=3249"}],"curies":[{"name":"wp","href":"https:\/\/api.w.org\/{rel}","templated":true}]}}