{"id":3260,"date":"2015-06-12T12:35:23","date_gmt":"2015-06-12T12:35:23","guid":{"rendered":"http:\/\/emmabajafrench.com\/es\/?page_id=3260"},"modified":"2021-07-16T16:54:35","modified_gmt":"2021-07-16T16:54:35","slug":"menu","status":"publish","type":"page","link":"https:\/\/emmabajafrench.com\/es\/menu\/","title":{"rendered":"Nuestro Men\u00fa"},"content":{"rendered":"<div id=\"entradas\" class=\"one ppb_menu_with_image\" style=\"padding: 70px 0 70px 0 !important; height: 1030px;position:relative;padding:40px 0 40px 0;\" >\n<div class=\"standard_wrapper\">\n<div class=\"page_content_wrapper\">\n<div class=\"inner\">\n<div class=\"one_half parallax_scroll_image\" style=\"width:50%;\">\n<div class=\"image_classic_frame expand\">\n<div class=\"image_wrapper\"><a href=\"https:\/\/emmabajafrench.com\/es\/wp-content\/uploads\/2018\/09\/DSC_8175-1.jpg\" class=\"img_frame\"><img decoding=\"async\" src=\"https:\/\/emmabajafrench.com\/es\/wp-content\/uploads\/2018\/09\/DSC_8175-1.jpg\" class=\"portfolio_img\" alt=\"\"\/><\/a><\/div>\n<\/div>\n<\/div>\n<div class=\"one_half last parallax_scroll\" style=\"width:50%;position:absolute;right:90px;background:#ffffff;padding:40px;\" data-stellar-ratio=\"1.3\">\n<h2 class=\"ppb_menu_title\" >Entradas<\/h2>\n<div id=\"menu_3814\" class=\"menu_content_classic\">\n<h5 class=\"menu_post\">\n\t\t            \t<span class=\"menu_title\" style=\"background:#ffffff;\">OSTIONES FRESCOS KUMIAI<\/span><br \/>\n\t\t            \t<span class=\"menu_dots\"><\/span><\/h5>\n<div class=\"post_detail menu_excerpt\">a la parrilla \u00f3 rockefeller<\/div>\n<\/div>\n<div id=\"menu_3818\" class=\"menu_content_classic\">\n<h5 class=\"menu_post\">\n\t\t            \t<span class=\"menu_title\" style=\"background:#ffffff;\">ENSALADA DE TABUL\u00c9<\/span><br \/>\n\t\t            \t<span class=\"menu_dots\"><\/span><\/h5>\n<div class=\"post_detail menu_excerpt\">con lim\u00f3n y mignonette \/( 6 pz)<\/div>\n<\/div>\n<div id=\"menu_3821\" class=\"menu_content_classic\">\n<h5 class=\"menu_post\">\n\t\t            \t<span class=\"menu_title\" style=\"background:#ffffff;\">LECHUGA ROMANA BABY<\/span><br \/>\n\t\t            \t<span class=\"menu_dots\"><\/span><\/h5>\n<div class=\"post_detail menu_excerpt\">r\u00e1bano  \/ chile serrano \/ lim\u00f3n \/ cilantro \/ oliva<\/div>\n<\/div>\n<div id=\"menu_3824\" class=\"menu_content_classic\">\n<h5 class=\"menu_post\">\n\t\t            \t<span class=\"menu_title\" style=\"background:#ffffff;\">BETABEL ROSTIZADO<\/span><br \/>\n\t\t            \t<span class=\"menu_dots\"><\/span><\/h5>\n<div class=\"post_detail menu_excerpt\">salm\u00f3n ahumado \/ esp\u00e1rragos \/ lechugas mixtas \/ ejote \/ huevo \/ tomate \/ vinagreta francesa<\/div>\n<\/div>\n<div id=\"menu_3827\" class=\"menu_content_classic\">\n<h5 class=\"menu_post\">\n\t\t            \t<span class=\"menu_title\" style=\"background:#ffffff;\">ENSALADA DE PERA<\/span><br \/>\n\t\t            \t<span class=\"menu_dots\"><\/span><\/h5>\n<div class=\"post_detail menu_excerpt\">queso gratinado \/ pan tostado<\/div>\n<\/div>\n<div id=\"menu_3830\" class=\"menu_content_classic\">\n<h5 class=\"menu_post\">\n\t\t            \t<span class=\"menu_title\" style=\"background:#ffffff;\">AT\u00daN<\/span><br \/>\n\t\t            \t<span class=\"menu_dots\"><\/span><\/h5>\n<div class=\"post_detail menu_excerpt\">lechuga mixta \/ macadamia \/ toronja \/ queso de cabra \/ vinagreta de jerez<\/div>\n<\/div>\n<div id=\"menu_3833\" class=\"menu_content_classic\">\n<h5 class=\"menu_post\">\n\t\t            \t<span class=\"menu_title\" style=\"background:#ffffff;\">PULPO A LA PARRILLA<\/span><br \/>\n\t\t            \t<span class=\"menu_dots\"><\/span><\/h5>\n<div class=\"post_detail menu_excerpt\">pur\u00e9 de garbanzos \/ aioli \/  hierbas frescas<\/div>\n<\/div>\n<div id=\"menu_3836\" class=\"menu_content_classic\">\n<h5 class=\"menu_post\">\n\t\t            \t<span class=\"menu_title\" style=\"background:#ffffff;\">TU\u00c9TANO ROSTIZADO<\/span><br \/>\n\t\t            \t<span class=\"menu_dots\"><\/span><\/h5>\n<div class=\"post_detail menu_excerpt\">tortilla reci\u00e9n hecha \/ salsas \/ cebolla \/ cilantro \/ aguacate <\/div>\n<\/div>\n<div id=\"menu_3839\" class=\"menu_content_classic\">\n<h5 class=\"menu_post\">\n\t\t            \t<span class=\"menu_title\" style=\"background:#ffffff;\">JUREL Y PULPO<\/span><br \/>\n\t\t            \t<span class=\"menu_dots\"><\/span><\/h5>\n<div class=\"post_detail menu_excerpt\">encurtidos \/ salsas \/ crisps de papa <\/div>\n<\/div>\n<div id=\"menu_3842\" class=\"menu_content_classic\">\n<h5 class=\"menu_post\">\n\t\t            \t<span class=\"menu_title\" style=\"background:#ffffff;\">CEVICHE DE CAMAR\u00d3N<\/span><br \/>\n\t\t            \t<span class=\"menu_dots\"><\/span><\/h5>\n<div class=\"post_detail menu_excerpt\">Emulsi\u00f3n de aj\u00ed verde \/ rabano negro \/ manzana verde \/ persillade de cilantro \/ aguacate<\/div>\n<\/div>\n<div id=\"menu_3845\" class=\"menu_content_classic\">\n<h5 class=\"menu_post\">\n\t\t            \t<span class=\"menu_title\" style=\"background:#ffffff;\">SOPA DE CEBOLLA<\/span><br \/>\n\t\t            \t<span class=\"menu_dots\"><\/span><\/h5>\n<div class=\"post_detail menu_excerpt\"> cola de res \/ jus \/ encurtidos \/hierbas frescas<\/div>\n<\/div>\n<div id=\"menu_4685\" class=\"menu_content_classic\">\n<h5 class=\"menu_post\">\n\t\t            \t<span class=\"menu_title\" style=\"background:#ffffff;\">TACO DE RIB EYE<\/span><br \/>\n\t\t            \t<span class=\"menu_dots\"><\/span><\/h5>\n<div class=\"post_detail menu_excerpt\"> cola de res \/ jus \/ encurtidos \/hierbas frescas<\/div>\n<\/div>\n<\/div>\n<p><br class=\"clear\"\/><\/div>\n<\/div>\n<\/div>\n<\/div>\n<div class=\"divider one\">&nbsp;<\/div>\n<div id=\"platos-fuertes\" class=\"one ppb_menu_with_image\" style=\"padding: 70px 0 70px 0 !important; height: 1135px;position:relative;padding:40px 0 40px 0;\" >\n<div class=\"standard_wrapper\">\n<div class=\"page_content_wrapper\">\n<div class=\"inner\">\n<div class=\"one_half parallax_scroll\" style=\"width:40%;position:absolute;left:90px;background:#ffffff;padding:40px;z-index:2;\" data-stellar-ratio=\"1.3\">\n<h2 class=\"ppb_menu_title\" >Platos Fuertes<\/h2>\n<div id=\"menu_3848\" class=\"menu_content_classic\">\n<h5 class=\"menu_post\">\n\t\t            \t<span class=\"menu_title\" style=\"background:#ffffff;\">NEW YORK STEAK<\/span><br \/>\n\t\t            \t<span class=\"menu_dots\"><\/span><\/h5>\n<div class=\"post_detail menu_excerpt\">jus \/ papas fritas \/ persillade<\/div>\n<\/div>\n<div id=\"menu_3851\" class=\"menu_content_classic\">\n<h5 class=\"menu_post\">\n\t\t            \t<span class=\"menu_title\" style=\"background:#ffffff;\">LECH\u00d3N<\/span><br \/>\n\t\t            \t<span class=\"menu_dots\"><\/span><\/h5>\n<div class=\"post_detail menu_excerpt\">jus \/ Pur\u00e9 de zanahoria BBQ \/ Echalot  Rostizado<\/div>\n<\/div>\n<div id=\"menu_3857\" class=\"menu_content_classic\">\n<h5 class=\"menu_post\">\n\t\t            \t<span class=\"menu_title\" style=\"background:#ffffff;\">PESCADO ROSTIZADO<\/span><br \/>\n\t\t            \t<span class=\"menu_dots\"><\/span><\/h5>\n<div class=\"post_detail menu_excerpt\">pur\u00e9 de coliflor \/ beurre noisette \/ uva verde \/ almendras \/ alcaparras<\/div>\n<\/div>\n<div id=\"menu_3863\" class=\"menu_content_classic\">\n<h5 class=\"menu_post\">\n\t\t            \t<span class=\"menu_title\" style=\"background:#ffffff;\">CUADRIL DE CORDERO<\/span><br \/>\n\t\t            \t<span class=\"menu_dots\"><\/span><\/h5>\n<div class=\"post_detail menu_excerpt\">piel crujiente \/ pur\u00e9 de papa \/ encurtidos \/ jus <\/div>\n<\/div>\n<div id=\"menu_3866\" class=\"menu_content_classic\">\n<h5 class=\"menu_post\">\n\t\t            \t<span class=\"menu_title\" style=\"background:#ffffff;\">COULOTTE<\/span><br \/>\n\t\t            \t<span class=\"menu_dots\"><\/span><\/h5>\n<div class=\"post_detail menu_excerpt\">jus con naranja \/ pur\u00e9 de papa<\/div>\n<\/div>\n<div id=\"menu_3869\" class=\"menu_content_classic\">\n<h5 class=\"menu_post\">\n\t\t            \t<span class=\"menu_title\" style=\"background:#ffffff;\">FETTUCCINE<\/span><br \/>\n\t\t            \t<span class=\"menu_dots\"><\/span><\/h5>\n<div class=\"post_detail menu_excerpt\"><\/div>\n<\/div>\n<div id=\"menu_3872\" class=\"menu_content_classic\">\n<h5 class=\"menu_post\">\n\t\t            \t<span class=\"menu_title\" style=\"background:#ffffff;\">CORDERO BRASEADO<\/span><br \/>\n\t\t            \t<span class=\"menu_dots\"><\/span><\/h5>\n<div class=\"post_detail menu_excerpt\">Grana padano \/ beurre noisette \/ hongos \/ nuez \/ fontina<\/div>\n<\/div>\n<div id=\"menu_3875\" class=\"menu_content_classic\">\n<h5 class=\"menu_post\">\n\t\t            \t<span class=\"menu_title\" style=\"background:#ffffff;\">MAGRET DE PATO<\/span><br \/>\n\t\t            \t<span class=\"menu_dots\"><\/span><\/h5>\n<div class=\"post_detail menu_excerpt\">pomodoro \/ albahaca \/ parmesano<\/div>\n<\/div>\n<div id=\"menu_4535\" class=\"menu_content_classic\">\n<h5 class=\"menu_post\">\n\t\t            \t<span class=\"menu_title\" style=\"background:#ffffff;\">COSTILLA BRASEADA<\/span><br \/>\n\t\t            \t<span class=\"menu_dots\"><\/span><\/h5>\n<div class=\"post_detail menu_excerpt\">papas  \/ queso \/ jus de res<\/div>\n<\/div>\n<div id=\"menu_4696\" class=\"menu_content_classic\">\n<h5 class=\"menu_post\">\n\t\t            \t<span class=\"menu_title\" style=\"background:#ffffff;\">RISOTTO DE HONGOS<\/span><br \/>\n\t\t            \t<span class=\"menu_dots\"><\/span><\/h5>\n<div class=\"post_detail menu_excerpt\">papas  \/ queso \/ jus de res<\/div>\n<\/div>\n<\/div>\n<div class=\"one_half parallax_scroll_image last\" style=\"width:65%;\">\n<div class=\"image_classic_frame expand\">\n<div class=\"image_wrapper\"><a href=\"https:\/\/emmabajafrench.com\/es\/wp-content\/uploads\/2018\/09\/DSC_8368.jpg\" class=\"img_frame\"><img decoding=\"async\" src=\"https:\/\/emmabajafrench.com\/es\/wp-content\/uploads\/2018\/09\/DSC_8368.jpg\" class=\"portfolio_img\" alt=\"\"\/><\/a><\/div>\n<\/div>\n<\/div>\n<p><br class=\"clear\"\/><\/div>\n<\/div>\n<\/div>\n<\/div>\n<div class=\"divider one\">&nbsp;<\/div>\n<div id=\"para-compartir\" class=\"one ppb_menu_with_image\" style=\"padding: 70px 0 70px 0 !important;position:relative;padding:40px 0 40px 0;\" >\n<div class=\"standard_wrapper\">\n<div class=\"page_content_wrapper\">\n<div class=\"inner\">\n<div class=\"one_half parallax_scroll_image\" style=\"width:65%;\">\n<div class=\"image_classic_frame expand\">\n<div class=\"image_wrapper\"><a href=\"https:\/\/emmabajafrench.com\/es\/wp-content\/uploads\/2018\/09\/DSC_8308.jpg\" class=\"img_frame\"><img decoding=\"async\" src=\"https:\/\/emmabajafrench.com\/es\/wp-content\/uploads\/2018\/09\/DSC_8308.jpg\" class=\"portfolio_img\" alt=\"\"\/><\/a><\/div>\n<\/div>\n<\/div>\n<div class=\"one_half last parallax_scroll\" style=\"width:40%;position:absolute;right:90px;background:#ffffff;padding:40px;\" data-stellar-ratio=\"1.3\">\n<h2 class=\"ppb_menu_title\" >Para Compartir<\/h2>\n<div id=\"menu_4528\" class=\"menu_content_classic\">\n<h5 class=\"menu_post\">\n\t\t            \t<span class=\"menu_title\" style=\"background:#ffffff;\">RIB EYE<\/span><br \/>\n\t\t            \t<span class=\"menu_dots\"><\/span><\/h5>\n<div class=\"post_detail menu_excerpt\">piel crujiente \/ pur\u00e9 de papa \/ encurtidos \/ jus<\/div>\n<\/div>\n<div id=\"menu_4529\" class=\"menu_content_classic\">\n<h5 class=\"menu_post\">\n\t\t            \t<span class=\"menu_title\" style=\"background:#ffffff;\">MEDIO POLLO ROSTIZADO<\/span><br \/>\n\t\t            \t<span class=\"menu_dots\"><\/span><\/h5>\n<div class=\"post_detail menu_excerpt\">rostizado y ahumado \/ lim\u00f3n quemado \/ jus<\/div>\n<\/div>\n<div id=\"menu_4530\" class=\"menu_content_classic\">\n<h5 class=\"menu_post\">\n\t\t            \t<span class=\"menu_title\" style=\"background:#ffffff;\">TRUCHA SALMONADA<\/span><br \/>\n\t\t            \t<span class=\"menu_dots\"><\/span><\/h5>\n<div class=\"post_detail menu_excerpt\">salsa tatemada \/ ensalada de hierbas<\/div>\n<\/div>\n<\/div>\n<p><br class=\"clear\"\/><\/div>\n<\/div>\n<\/div>\n<\/div>\n<div class=\"divider one\">&nbsp;<\/div>\n<div id=\"postres\" class=\"one ppb_menu_with_image\" style=\"padding: 70px 0 70px 0 !important;position:relative;padding:40px 0 40px 0;\" >\n<div class=\"standard_wrapper\">\n<div class=\"page_content_wrapper\">\n<div class=\"inner\">\n<div class=\"one_half parallax_scroll\" style=\"width:40%;position:absolute;left:90px;background:#ffffff;padding:40px;z-index:2;\" data-stellar-ratio=\"1.3\">\n<h2 class=\"ppb_menu_title\" >Postres<\/h2>\n<div id=\"menu_3397\" class=\"menu_content_classic\">\n<h5 class=\"menu_post\">\n\t\t            \t<span class=\"menu_title\" style=\"background:#ffffff;\">VOLC\u00c1N DE CHOCOLATE<\/span><br \/>\n\t\t            \t<span class=\"menu_dots\"><\/span><\/h5>\n<div class=\"post_detail menu_excerpt\">Helado de vainilla \/ Crumble de nuez <\/div>\n<\/div>\n<div id=\"menu_4023\" class=\"menu_content_classic\">\n<h5 class=\"menu_post\">\n\t\t            \t<span class=\"menu_title\" style=\"background:#ffffff;\">PARIS BREST<\/span><br \/>\n\t\t            \t<span class=\"menu_dots\"><\/span><\/h5>\n<div class=\"post_detail menu_excerpt\">1.5 oz de Fine Champagne Cognac \/ Petite Four<\/div>\n<\/div>\n<div id=\"menu_4531\" class=\"menu_content_classic\">\n<h5 class=\"menu_post\">\n\t\t            \t<span class=\"menu_title\" style=\"background:#ffffff;\">PIE DE LIMON<\/span><br \/>\n\t\t            \t<span class=\"menu_dots\"><\/span><\/h5>\n<div class=\"post_detail menu_excerpt\">merengue \/ crema de lim\u00f3n<\/div>\n<\/div>\n<div id=\"menu_4532\" class=\"menu_content_classic\">\n<h5 class=\"menu_post\">\n\t\t            \t<span class=\"menu_title\" style=\"background:#ffffff;\">CHURRO<\/span><br \/>\n\t\t            \t<span class=\"menu_dots\"><\/span><\/h5>\n<div class=\"post_detail menu_excerpt\">helado de pistache<\/div>\n<\/div>\n<div id=\"menu_4536\" class=\"menu_content_classic\">\n<h5 class=\"menu_post\">\n\t\t            \t<span class=\"menu_title\" style=\"background:#ffffff;\">PANACOTA DE CAF\u00c9 Y HELADO DE NATA<\/span><br \/>\n\t\t            \t<span class=\"menu_dots\"><\/span><\/h5>\n<div class=\"post_detail menu_excerpt\">helado de maracuya \/ gel de menta \/ crema de queso<\/div>\n<\/div>\n<\/div>\n<div class=\"one_half parallax_scroll_image last\" style=\"width:65%;\">\n<div class=\"image_classic_frame expand\">\n<div class=\"image_wrapper\"><a href=\"https:\/\/emmabajafrench.com\/es\/wp-content\/uploads\/2018\/09\/DSC_8395.jpg\" class=\"img_frame\"><img decoding=\"async\" src=\"https:\/\/emmabajafrench.com\/es\/wp-content\/uploads\/2018\/09\/DSC_8395.jpg\" class=\"portfolio_img\" alt=\"\"\/><\/a><\/div>\n<\/div>\n<\/div>\n<p><br class=\"clear\"\/><\/div>\n<\/div>\n<\/div>\n<\/div>\n<div class=\"divider one\">&nbsp;<\/div>\n<div id=\"descargar-menu\" class=\"one ppb_fullwidth_button\" >\n<div class=\"standard_wrapper\"><a href=\"https:\/\/emmabajafrench.com\/es\/wp-content\/uploads\/2020\/08\/Menu_EMMA_QR.pdf\" class=\"button\" style=\"background-color:#022222;border-color:#022222;\">DESCARGAR MEN\u00da<\/a><\/div>\n<\/div>\n","protected":false},"excerpt":{"rendered":"<p>Entradas OSTIONES FRESCOS KUMIAI a la parrilla \u00f3 rockefeller ENSALADA DE TABUL\u00c9 con lim\u00f3n y mignonette \/( 6 pz) LECHUGA ROMANA BABY r\u00e1bano \/ chile serrano \/ lim\u00f3n \/ cilantro \/ oliva BETABEL ROSTIZADO salm\u00f3n ahumado \/ esp\u00e1rragos \/ lechugas [&hellip;]<\/p>\n","protected":false},"author":1,"featured_media":3421,"parent":0,"menu_order":0,"comment_status":"open","ping_status":"open","template":"","meta":{"footnotes":""},"_links":{"self":[{"href":"https:\/\/emmabajafrench.com\/es\/wp-json\/wp\/v2\/pages\/3260"}],"collection":[{"href":"https:\/\/emmabajafrench.com\/es\/wp-json\/wp\/v2\/pages"}],"about":[{"href":"https:\/\/emmabajafrench.com\/es\/wp-json\/wp\/v2\/types\/page"}],"author":[{"embeddable":true,"href":"https:\/\/emmabajafrench.com\/es\/wp-json\/wp\/v2\/users\/1"}],"replies":[{"embeddable":true,"href":"https:\/\/emmabajafrench.com\/es\/wp-json\/wp\/v2\/comments?post=3260"}],"version-history":[{"count":102,"href":"https:\/\/emmabajafrench.com\/es\/wp-json\/wp\/v2\/pages\/3260\/revisions"}],"predecessor-version":[{"id":4709,"href":"https:\/\/emmabajafrench.com\/es\/wp-json\/wp\/v2\/pages\/3260\/revisions\/4709"}],"wp:featuredmedia":[{"embeddable":true,"href":"https:\/\/emmabajafrench.com\/es\/wp-json\/wp\/v2\/media\/3421"}],"wp:attachment":[{"href":"https:\/\/emmabajafrench.com\/es\/wp-json\/wp\/v2\/media?parent=3260"}],"curies":[{"name":"wp","href":"https:\/\/api.w.org\/{rel}","templated":true}]}}